{"id":39,"date":"2025-07-01T12:51:52","date_gmt":"2025-07-01T12:51:52","guid":{"rendered":"https:\/\/lamaisondupoelon.fr\/?page_id=39"},"modified":"2025-10-07T08:12:34","modified_gmt":"2025-10-07T08:12:34","slug":"chambre-hotes-toulouse-muret-labarthe","status":"publish","type":"page","link":"https:\/\/lamaisondupoelon.fr\/en\/chambre-hotes-toulouse-muret-labarthe\/","title":{"rendered":"Contact"},"content":{"rendered":"<div class=\"wp-block-cover alignfull has-custom-content-position is-position-center-left\" style=\"min-height:350px;aspect-ratio:unset;\"><img loading=\"lazy\" decoding=\"async\" width=\"900\" height=\"600\" class=\"wp-block-cover__image-background wp-image-162 size-full\" alt=\"\" src=\"https:\/\/lamaisondupoelon.fr\/wp-content\/uploads\/2025\/07\/gn0acv4ae7e82mrqngpz.jpeg\" data-object-fit=\"cover\" srcset=\"https:\/\/lamaisondupoelon.fr\/wp-content\/uploads\/2025\/07\/gn0acv4ae7e82mrqngpz.jpeg 900w, https:\/\/lamaisondupoelon.fr\/wp-content\/uploads\/2025\/07\/gn0acv4ae7e82mrqngpz-300x200.jpeg 300w, https:\/\/lamaisondupoelon.fr\/wp-content\/uploads\/2025\/07\/gn0acv4ae7e82mrqngpz-768x512.jpeg 768w, https:\/\/lamaisondupoelon.fr\/wp-content\/uploads\/2025\/07\/gn0acv4ae7e82mrqngpz-18x12.jpeg 18w\" sizes=\"auto, (max-width: 900px) 100vw, 900px\" \/><span aria-hidden=\"true\" class=\"wp-block-cover__background has-background-dim\" style=\"background-color:#6d5e59\"><\/span><div class=\"wp-block-cover__inner-container is-layout-constrained wp-block-cover-is-layout-constrained\">\n<h1 class=\"wp-block-heading has-text-align-center has-white-color has-text-color has-link-color has-large-font-size wp-elements-6e9ec0e047fad99bd3b69d146ee9458e\">CONTACT<\/h1>\n<\/div><\/div>\n\n\n\n<div class=\"wp-block-group alignfull is-layout-constrained wp-block-group-is-layout-constrained\" id=\"contact\">\n<div class=\"wp-block-columns is-layout-flex wp-container-core-columns-is-layout-28f84493 wp-block-columns-is-layout-flex\">\n<div class=\"wp-block-column is-layout-flow wp-block-column-is-layout-flow\" style=\"flex-basis:33.33%\">\n<h2 class=\"wp-block-heading\">SAS LA MAISON DU POELON<\/h2>\n\n\n\n<h3 class=\"wp-block-heading\">\ud83d\udccd <strong>Nous contacter<\/strong><\/h3>\n\n\n\n<p><strong>Ga\u00eblle et Thierry vous accueillent \u00e0 la Maison du Po\u00ealon<\/strong>, une maison d\u2019h\u00f4tes de charme situ\u00e9e en plein c\u0153ur du village de <strong>Labarthe-sur-L\u00e8ze<\/strong>, \u00e0 seulement <strong>15 minutes au sud de Toulouse<\/strong>, et \u00e0 proximit\u00e9 imm\u00e9diate de <strong>Muret<\/strong>, <strong>Auterive<\/strong> et de l\u2019a\u00e9roport <strong>Toulouse-Blagnac<\/strong>.<\/p>\n\n\n\n<p>\ud83d\udccd <strong>Adresse<\/strong> :<br><strong>La Maison du Po\u00ealon<\/strong><br>19 place Vincent Auriol<br>31860 Labarthe-sur-L\u00e8ze, France<\/p>\n\n\n\n<p>\ud83d\udcde <strong>T\u00e9l\u00e9phone<\/strong> : <a>07 55 61 18 21<\/a><br>\ud83d\udce7 <strong>Email<\/strong> : <a>lamaisondupoelon@gmail.com<\/a><\/p>\n\n\n\n<p>Que ce soit pour en savoir plus sur nos <strong>chambres tout confort<\/strong>, notre <strong>table d\u2019h\u00f4te gourmande<\/strong>, ou pour toute autre question, <strong>nous serons ravis de vous r\u00e9pondre<\/strong>.<\/p>\n<\/div>\n\n\n\n<div class=\"wp-block-column is-layout-flow wp-block-column-is-layout-flow\" style=\"flex-basis:66.66%\">\n<iframe src=\"https:\/\/www.google.com\/maps\/embed?pb=!1m18!1m12!1m3!1d2896.382797403767!2d1.3987994758684583!3d43.452604865382156!2m3!1f0!2f0!3f0!3m2!1i1024!2i768!4f13.1!3m3!1m2!1s0x12aec7a114dd25a3%3A0x4ca33d74cf2777b0!2sPl.%20Vincent%20Auriol%2C%2031860%20Labarthe-sur-L%C3%A8ze!5e0!3m2!1sfr!2sfr!4v1745607082895!5m2!1sfr!2sfr\" width=\"600\" height=\"450\" style=\"border:0;\" allowfullscreen=\"\" loading=\"lazy\" referrerpolicy=\"no-referrer-when-downgrade\"><\/iframe>\n<\/div>\n<\/div>\n\n\n\n<div class=\"wp-block-leadin-hubspot-form-block\">\n\t\t\t<div\n\t\t\tclass=\"hs-form-frame\"\n\t\t\tdata-region=\"eu1\"\n\t\t\tdata-form-id=\"17d198f5-a5b9-4942-8483-0da9f2606351\"\n\t\t\tdata-portal-id=\"146555162\"\n\t\t\t >\n\t\t\t<\/div>\n\t\t\t<\/div>\n<\/div>\n\n\n\n<a href=\"#\" class=\"bouton-sticky js-open-booking\" role=\"button\" aria-label=\"Ouvrir la r\u00e9servation\">R\u00c9SERVER<\/a>\n\n\n\n<p><\/p>","protected":false},"excerpt":{"rendered":"<p>SAS LA MAISON DU POELON \ud83d\udccd Nous contacter Ga\u00eblle et Thierry vous accueillent \u00e0 la Maison du Po\u00ealon, une maison [&hellip;]<\/p>\n","protected":false},"author":1,"featured_media":0,"parent":0,"menu_order":0,"comment_status":"closed","ping_status":"closed","template":"","meta":{"content-type":"","site-sidebar-layout":"default","site-content-layout":"","ast-site-content-layout":"default","site-content-style":"default","site-sidebar-style":"default","ast-global-header-display":"","ast-banner-title-visibility":"","ast-main-header-display":"","ast-hfb-above-header-display":"","ast-hfb-below-header-display":"","ast-hfb-mobile-header-display":"","site-post-title":"disabled","ast-breadcrumbs-content":"","ast-featured-img":"","footer-sml-layout":"","ast-disable-related-posts":"","theme-transparent-header-meta":"","adv-header-id-meta":"","stick-header-meta":"","header-above-stick-meta":"","header-main-stick-meta":"","header-below-stick-meta":"","astra-migrate-meta-layouts":"default","ast-page-background-enabled":"default","ast-page-background-meta":{"desktop":{"background-color":"var(--ast-global-color-5)","background-image":"","background-repeat":"repeat","background-position":"center center","background-size":"auto","background-attachment":"scroll","background-type":"","background-media":"","overlay-type":"","overlay-color":"","overlay-opacity":"","overlay-gradient":""},"tablet":{"background-color":"","background-image":"","background-repeat":"repeat","background-position":"center center","background-size":"auto","background-attachment":"scroll","background-type":"","background-media":"","overlay-type":"","overlay-color":"","overlay-opacity":"","overlay-gradient":""},"mobile":{"background-color":"","background-image":"","background-repeat":"repeat","background-position":"center center","background-size":"auto","background-attachment":"scroll","background-type":"","background-media":"","overlay-type":"","overlay-color":"","overlay-opacity":"","overlay-gradient":""}},"ast-content-background-meta":{"desktop":{"background-color":"var(--ast-global-color-4)","background-image":"","background-repeat":"repeat","background-position":"center center","background-size":"auto","background-attachment":"scroll","background-type":"","background-media":"","overlay-type":"","overlay-color":"","overlay-opacity":"","overlay-gradient":""},"tablet":{"background-color":"var(--ast-global-color-4)","background-image":"","background-repeat":"repeat","background-position":"center center","background-size":"auto","background-attachment":"scroll","background-type":"","background-media":"","overlay-type":"","overlay-color":"","overlay-opacity":"","overlay-gradient":""},"mobile":{"background-color":"var(--ast-global-color-4)","background-image":"","background-repeat":"repeat","background-position":"center center","background-size":"auto","background-attachment":"scroll","background-type":"","background-media":"","overlay-type":"","overlay-color":"","overlay-opacity":"","overlay-gradient":""}},"footnotes":""},"class_list":["post-39","page","type-page","status-publish","hentry"],"yoast_head":"<!-- This site is optimized with the Yoast SEO plugin v27.3 - https:\/\/yoast.com\/product\/yoast-seo-wordpress\/ -->\n<title>Contact \u2013 La Maison du Po\u00ealon | Chambres d\u2019h\u00f4tes \u00e0 Labarthe-sur-L\u00e8ze pr\u00e8s de Toulouse<\/title>\n<meta name=\"description\" content=\"Besoin d\u2019informations ou de r\u00e9server votre s\u00e9jour \u00e0 La Maison du Po\u00ealon ? Contactez Ga\u00eblle et Thierry, vos h\u00f4tes \u00e0 Labarthe-sur-L\u00e8ze, \u00e0 15 min de Toulouse et proche de Muret et Auterive.\" \/>\n<meta name=\"robots\" content=\"index, follow, max-snippet:-1, max-image-preview:large, max-video-preview:-1\" \/>\n<link rel=\"canonical\" href=\"https:\/\/lamaisondupoelon.fr\/en\/chambre-hotes-toulouse-muret-labarthe\/\" \/>\n<meta property=\"og:locale\" content=\"en_GB\" \/>\n<meta property=\"og:type\" content=\"article\" \/>\n<meta property=\"og:title\" content=\"Contact \u2013 La Maison du Po\u00ealon | Chambres d\u2019h\u00f4tes \u00e0 Labarthe-sur-L\u00e8ze pr\u00e8s de Toulouse\" \/>\n<meta property=\"og:description\" content=\"Besoin d\u2019informations ou de r\u00e9server votre s\u00e9jour \u00e0 La Maison du Po\u00ealon ? Contactez Ga\u00eblle et Thierry, vos h\u00f4tes \u00e0 Labarthe-sur-L\u00e8ze, \u00e0 15 min de Toulouse et proche de Muret et Auterive.\" \/>\n<meta property=\"og:url\" content=\"https:\/\/lamaisondupoelon.fr\/en\/chambre-hotes-toulouse-muret-labarthe\/\" \/>\n<meta property=\"og:site_name\" content=\"La Maison du Po\u00ealon\" \/>\n<meta property=\"article:modified_time\" content=\"2025-10-07T08:12:34+00:00\" \/>\n<meta property=\"og:image\" content=\"https:\/\/lamaisondupoelon.fr\/wp-content\/uploads\/2025\/07\/gn0acv4ae7e82mrqngpz.jpeg\" \/>\n\t<meta property=\"og:image:width\" content=\"900\" \/>\n\t<meta property=\"og:image:height\" content=\"600\" \/>\n\t<meta property=\"og:image:type\" content=\"image\/jpeg\" \/>\n<meta name=\"twitter:card\" content=\"summary_large_image\" \/>\n<meta name=\"twitter:label1\" content=\"Estimated reading time\" \/>\n\t<meta name=\"twitter:data1\" content=\"1 minute\" \/>\n<script type=\"application\/ld+json\" class=\"yoast-schema-graph\">{\"@context\":\"https:\\\/\\\/schema.org\",\"@graph\":[{\"@type\":\"WebPage\",\"@id\":\"https:\\\/\\\/lamaisondupoelon.fr\\\/chambre-hotes-toulouse-muret-labarthe\\\/\",\"url\":\"https:\\\/\\\/lamaisondupoelon.fr\\\/chambre-hotes-toulouse-muret-labarthe\\\/\",\"name\":\"Contact \u2013 La Maison du Po\u00ealon | Chambres d\u2019h\u00f4tes \u00e0 Labarthe-sur-L\u00e8ze pr\u00e8s de Toulouse\",\"isPartOf\":{\"@id\":\"https:\\\/\\\/lamaisondupoelon.fr\\\/#website\"},\"primaryImageOfPage\":{\"@id\":\"https:\\\/\\\/lamaisondupoelon.fr\\\/chambre-hotes-toulouse-muret-labarthe\\\/#primaryimage\"},\"image\":{\"@id\":\"https:\\\/\\\/lamaisondupoelon.fr\\\/chambre-hotes-toulouse-muret-labarthe\\\/#primaryimage\"},\"thumbnailUrl\":\"https:\\\/\\\/lamaisondupoelon.fr\\\/wp-content\\\/uploads\\\/2025\\\/07\\\/gn0acv4ae7e82mrqngpz.jpeg\",\"datePublished\":\"2025-07-01T12:51:52+00:00\",\"dateModified\":\"2025-10-07T08:12:34+00:00\",\"description\":\"Besoin d\u2019informations ou de r\u00e9server votre s\u00e9jour \u00e0 La Maison du Po\u00ealon ? Contactez Ga\u00eblle et Thierry, vos h\u00f4tes \u00e0 Labarthe-sur-L\u00e8ze, \u00e0 15 min de Toulouse et proche de Muret et Auterive.\",\"breadcrumb\":{\"@id\":\"https:\\\/\\\/lamaisondupoelon.fr\\\/chambre-hotes-toulouse-muret-labarthe\\\/#breadcrumb\"},\"inLanguage\":\"en-GB\",\"potentialAction\":[{\"@type\":\"ReadAction\",\"target\":[\"https:\\\/\\\/lamaisondupoelon.fr\\\/chambre-hotes-toulouse-muret-labarthe\\\/\"]}]},{\"@type\":\"ImageObject\",\"inLanguage\":\"en-GB\",\"@id\":\"https:\\\/\\\/lamaisondupoelon.fr\\\/chambre-hotes-toulouse-muret-labarthe\\\/#primaryimage\",\"url\":\"https:\\\/\\\/lamaisondupoelon.fr\\\/wp-content\\\/uploads\\\/2025\\\/07\\\/gn0acv4ae7e82mrqngpz.jpeg\",\"contentUrl\":\"https:\\\/\\\/lamaisondupoelon.fr\\\/wp-content\\\/uploads\\\/2025\\\/07\\\/gn0acv4ae7e82mrqngpz.jpeg\"},{\"@type\":\"BreadcrumbList\",\"@id\":\"https:\\\/\\\/lamaisondupoelon.fr\\\/chambre-hotes-toulouse-muret-labarthe\\\/#breadcrumb\",\"itemListElement\":[{\"@type\":\"ListItem\",\"position\":1,\"name\":\"Accueil\",\"item\":\"https:\\\/\\\/lamaisondupoelon.fr\\\/\"},{\"@type\":\"ListItem\",\"position\":2,\"name\":\"Contact\"}]},{\"@type\":\"WebSite\",\"@id\":\"https:\\\/\\\/lamaisondupoelon.fr\\\/#website\",\"url\":\"https:\\\/\\\/lamaisondupoelon.fr\\\/\",\"name\":\"La Maison du Po\u00ealon\",\"description\":\"CHAMBRE D\u2019H\u00d4TES\",\"publisher\":{\"@id\":\"https:\\\/\\\/lamaisondupoelon.fr\\\/#organization\"},\"potentialAction\":[{\"@type\":\"SearchAction\",\"target\":{\"@type\":\"EntryPoint\",\"urlTemplate\":\"https:\\\/\\\/lamaisondupoelon.fr\\\/?s={search_term_string}\"},\"query-input\":{\"@type\":\"PropertyValueSpecification\",\"valueRequired\":true,\"valueName\":\"search_term_string\"}}],\"inLanguage\":\"en-GB\"},{\"@type\":\"Organization\",\"@id\":\"https:\\\/\\\/lamaisondupoelon.fr\\\/#organization\",\"name\":\"La Maison du Po\u00ealon\",\"url\":\"https:\\\/\\\/lamaisondupoelon.fr\\\/\",\"logo\":{\"@type\":\"ImageObject\",\"inLanguage\":\"en-GB\",\"@id\":\"https:\\\/\\\/lamaisondupoelon.fr\\\/#\\\/schema\\\/logo\\\/image\\\/\",\"url\":\"https:\\\/\\\/lamaisondupoelon.fr\\\/wp-content\\\/uploads\\\/2025\\\/08\\\/cropped-ChatGPT-Image-1-aout-2025-18_38_42.png\",\"contentUrl\":\"https:\\\/\\\/lamaisondupoelon.fr\\\/wp-content\\\/uploads\\\/2025\\\/08\\\/cropped-ChatGPT-Image-1-aout-2025-18_38_42.png\",\"width\":1023,\"height\":1023,\"caption\":\"La Maison du Po\u00ealon\"},\"image\":{\"@id\":\"https:\\\/\\\/lamaisondupoelon.fr\\\/#\\\/schema\\\/logo\\\/image\\\/\"}}]}<\/script>\n<!-- \/ Yoast SEO plugin. -->","yoast_head_json":{"title":"Contact \u2013 La Maison du Po\u00ealon | Chambres d\u2019h\u00f4tes \u00e0 Labarthe-sur-L\u00e8ze pr\u00e8s de Toulouse","description":"Besoin d\u2019informations ou de r\u00e9server votre s\u00e9jour \u00e0 La Maison du Po\u00ealon ? Contactez Ga\u00eblle et Thierry, vos h\u00f4tes \u00e0 Labarthe-sur-L\u00e8ze, \u00e0 15 min de Toulouse et proche de Muret et Auterive.","robots":{"index":"index","follow":"follow","max-snippet":"max-snippet:-1","max-image-preview":"max-image-preview:large","max-video-preview":"max-video-preview:-1"},"canonical":"https:\/\/lamaisondupoelon.fr\/en\/chambre-hotes-toulouse-muret-labarthe\/","og_locale":"en_GB","og_type":"article","og_title":"Contact \u2013 La Maison du Po\u00ealon | Chambres d\u2019h\u00f4tes \u00e0 Labarthe-sur-L\u00e8ze pr\u00e8s de Toulouse","og_description":"Besoin d\u2019informations ou de r\u00e9server votre s\u00e9jour \u00e0 La Maison du Po\u00ealon ? Contactez Ga\u00eblle et Thierry, vos h\u00f4tes \u00e0 Labarthe-sur-L\u00e8ze, \u00e0 15 min de Toulouse et proche de Muret et Auterive.","og_url":"https:\/\/lamaisondupoelon.fr\/en\/chambre-hotes-toulouse-muret-labarthe\/","og_site_name":"La Maison du Po\u00ealon","article_modified_time":"2025-10-07T08:12:34+00:00","og_image":[{"width":900,"height":600,"url":"https:\/\/lamaisondupoelon.fr\/wp-content\/uploads\/2025\/07\/gn0acv4ae7e82mrqngpz.jpeg","type":"image\/jpeg"}],"twitter_card":"summary_large_image","twitter_misc":{"Estimated reading time":"1 minute"},"schema":{"@context":"https:\/\/schema.org","@graph":[{"@type":"WebPage","@id":"https:\/\/lamaisondupoelon.fr\/chambre-hotes-toulouse-muret-labarthe\/","url":"https:\/\/lamaisondupoelon.fr\/chambre-hotes-toulouse-muret-labarthe\/","name":"Contact \u2013 La Maison du Po\u00ealon | Chambres d\u2019h\u00f4tes \u00e0 Labarthe-sur-L\u00e8ze pr\u00e8s de Toulouse","isPartOf":{"@id":"https:\/\/lamaisondupoelon.fr\/#website"},"primaryImageOfPage":{"@id":"https:\/\/lamaisondupoelon.fr\/chambre-hotes-toulouse-muret-labarthe\/#primaryimage"},"image":{"@id":"https:\/\/lamaisondupoelon.fr\/chambre-hotes-toulouse-muret-labarthe\/#primaryimage"},"thumbnailUrl":"https:\/\/lamaisondupoelon.fr\/wp-content\/uploads\/2025\/07\/gn0acv4ae7e82mrqngpz.jpeg","datePublished":"2025-07-01T12:51:52+00:00","dateModified":"2025-10-07T08:12:34+00:00","description":"Besoin d\u2019informations ou de r\u00e9server votre s\u00e9jour \u00e0 La Maison du Po\u00ealon ? Contactez Ga\u00eblle et Thierry, vos h\u00f4tes \u00e0 Labarthe-sur-L\u00e8ze, \u00e0 15 min de Toulouse et proche de Muret et Auterive.","breadcrumb":{"@id":"https:\/\/lamaisondupoelon.fr\/chambre-hotes-toulouse-muret-labarthe\/#breadcrumb"},"inLanguage":"en-GB","potentialAction":[{"@type":"ReadAction","target":["https:\/\/lamaisondupoelon.fr\/chambre-hotes-toulouse-muret-labarthe\/"]}]},{"@type":"ImageObject","inLanguage":"en-GB","@id":"https:\/\/lamaisondupoelon.fr\/chambre-hotes-toulouse-muret-labarthe\/#primaryimage","url":"https:\/\/lamaisondupoelon.fr\/wp-content\/uploads\/2025\/07\/gn0acv4ae7e82mrqngpz.jpeg","contentUrl":"https:\/\/lamaisondupoelon.fr\/wp-content\/uploads\/2025\/07\/gn0acv4ae7e82mrqngpz.jpeg"},{"@type":"BreadcrumbList","@id":"https:\/\/lamaisondupoelon.fr\/chambre-hotes-toulouse-muret-labarthe\/#breadcrumb","itemListElement":[{"@type":"ListItem","position":1,"name":"Accueil","item":"https:\/\/lamaisondupoelon.fr\/"},{"@type":"ListItem","position":2,"name":"Contact"}]},{"@type":"WebSite","@id":"https:\/\/lamaisondupoelon.fr\/#website","url":"https:\/\/lamaisondupoelon.fr\/","name":"La Maison du Po\u00ealon","description":"CHAMBRE D\u2019H\u00d4TES","publisher":{"@id":"https:\/\/lamaisondupoelon.fr\/#organization"},"potentialAction":[{"@type":"SearchAction","target":{"@type":"EntryPoint","urlTemplate":"https:\/\/lamaisondupoelon.fr\/?s={search_term_string}"},"query-input":{"@type":"PropertyValueSpecification","valueRequired":true,"valueName":"search_term_string"}}],"inLanguage":"en-GB"},{"@type":"Organization","@id":"https:\/\/lamaisondupoelon.fr\/#organization","name":"La Maison du Po\u00ealon","url":"https:\/\/lamaisondupoelon.fr\/","logo":{"@type":"ImageObject","inLanguage":"en-GB","@id":"https:\/\/lamaisondupoelon.fr\/#\/schema\/logo\/image\/","url":"https:\/\/lamaisondupoelon.fr\/wp-content\/uploads\/2025\/08\/cropped-ChatGPT-Image-1-aout-2025-18_38_42.png","contentUrl":"https:\/\/lamaisondupoelon.fr\/wp-content\/uploads\/2025\/08\/cropped-ChatGPT-Image-1-aout-2025-18_38_42.png","width":1023,"height":1023,"caption":"La Maison du Po\u00ealon"},"image":{"@id":"https:\/\/lamaisondupoelon.fr\/#\/schema\/logo\/image\/"}}]}},"_links":{"self":[{"href":"https:\/\/lamaisondupoelon.fr\/en\/wp-json\/wp\/v2\/pages\/39","targetHints":{"allow":["GET"]}}],"collection":[{"href":"https:\/\/lamaisondupoelon.fr\/en\/wp-json\/wp\/v2\/pages"}],"about":[{"href":"https:\/\/lamaisondupoelon.fr\/en\/wp-json\/wp\/v2\/types\/page"}],"author":[{"embeddable":true,"href":"https:\/\/lamaisondupoelon.fr\/en\/wp-json\/wp\/v2\/users\/1"}],"replies":[{"embeddable":true,"href":"https:\/\/lamaisondupoelon.fr\/en\/wp-json\/wp\/v2\/comments?post=39"}],"version-history":[{"count":12,"href":"https:\/\/lamaisondupoelon.fr\/en\/wp-json\/wp\/v2\/pages\/39\/revisions"}],"predecessor-version":[{"id":598,"href":"https:\/\/lamaisondupoelon.fr\/en\/wp-json\/wp\/v2\/pages\/39\/revisions\/598"}],"wp:attachment":[{"href":"https:\/\/lamaisondupoelon.fr\/en\/wp-json\/wp\/v2\/media?parent=39"}],"curies":[{"name":"wp","href":"https:\/\/api.w.org\/{rel}","templated":true}]}}