{"id":415,"date":"2025-08-01T14:25:20","date_gmt":"2025-08-01T14:25:20","guid":{"rendered":"https:\/\/lamaisondupoelon.fr\/?page_id=415"},"modified":"2025-08-01T14:25:21","modified_gmt":"2025-08-01T14:25:21","slug":"conditions-generales-de-vente","status":"publish","type":"page","link":"https:\/\/lamaisondupoelon.fr\/en\/conditions-generales-de-vente\/","title":{"rendered":"Conditions G\u00e9n\u00e9rales de Vente"},"content":{"rendered":"<h1 class=\"wp-block-heading\">Conditions G\u00e9n\u00e9rales de Vente &#8211; La Maison du Po\u00ealon<\/h1>\n\n\n\n<h2 class=\"wp-block-heading\">Pr\u00e9sentation des parties<\/h2>\n\n\n\n<h3 class=\"wp-block-heading\">Vendeur<\/h3>\n\n\n\n<p><strong>La Maison du Po\u00ealon<\/strong><br>19 place Vincent Auriol, 31860 Labarthe-sur-L\u00e8ze<br>SAS au capital social de 1000\u20ac<br>Immatricul\u00e9e au RCS de Toulouse sous le num\u00e9ro SIRET 88037053100019<br>Repr\u00e9sent\u00e9e par M. et Mme Engrand, en qualit\u00e9 de propri\u00e9taires<br>Email de contact : via le formulaire de contact du site<\/p>\n\n\n\n<p>Ci-apr\u00e8s d\u00e9nomm\u00e9e \u00ab\u00a0le Vendeur\u00a0\u00bb ou \u00ab\u00a0la Soci\u00e9t\u00e9\u00a0\u00bb<\/p>\n\n\n\n<h3 class=\"wp-block-heading\">Acheteur<\/h3>\n\n\n\n<p>La personne physique ou morale proc\u00e9dant \u00e0 l\u2019achat de produits ou services de la Soci\u00e9t\u00e9<br>Ci-apr\u00e8s d\u00e9nomm\u00e9e \u00ab\u00a0l\u2019Acheteur\u00a0\u00bb ou \u00ab\u00a0le Client\u00a0\u00bb<\/p>\n\n\n\n<hr class=\"wp-block-separator has-alpha-channel-opacity\"\/>\n\n\n\n<h2 class=\"wp-block-heading\">Pr\u00e9ambule<\/h2>\n\n\n\n<p>Le Vendeur propose \u00e0 la location des h\u00e9bergements en chambres d\u2019h\u00f4tes, commercialis\u00e9s sur son site internet <a href=\"https:\/\/lamaisondupoelon.fr\/en\/\">www.lamaisondupoelon.fr<\/a> ou en vente directe. Les pr\u00e9sentes CGV d\u00e9terminent les droits et obligations des parties.<\/p>\n\n\n\n<hr class=\"wp-block-separator has-alpha-channel-opacity\"\/>\n\n\n\n<h2 class=\"wp-block-heading\">Article 1 &#8211; Dispositions g\u00e9n\u00e9rales<\/h2>\n\n\n\n<p>Les pr\u00e9sentes CGV s\u2019appliquent \u00e0 toute r\u00e9servation pass\u00e9e via le site ou en direct. Elles peuvent \u00eatre modifi\u00e9es \u00e0 tout moment. La version applicable est celle en vigueur au moment du paiement. Le Client reconna\u00eet avoir pris connaissance des CGV et les accepter sans r\u00e9serve.<\/p>\n\n\n\n<p>En vertu du d\u00e9cret n\u00b02017-633 du 25 avril 2017, il est interdit de fumer et de vapoter dans l\u2019ensemble de l\u2019\u00e9tablissement.<\/p>\n\n\n\n<hr class=\"wp-block-separator has-alpha-channel-opacity\"\/>\n\n\n\n<h2 class=\"wp-block-heading\">Article 2 &#8211; Prix<\/h2>\n\n\n\n<p>Les prix sont indiqu\u00e9s en euros, toutes taxes comprises. La taxe de s\u00e9jour de 1,15\u20ac par adulte et par nuit est \u00e0 r\u00e9gler en fin de s\u00e9jour. La Soci\u00e9t\u00e9 se r\u00e9serve le droit de modifier les prix \u00e0 tout moment.<\/p>\n\n\n\n<hr class=\"wp-block-separator has-alpha-channel-opacity\"\/>\n\n\n\n<h2 class=\"wp-block-heading\">Article 3 &#8211; Disponibilit\u00e9 et dur\u00e9e du s\u00e9jour<\/h2>\n\n\n\n<p>Les r\u00e9servations sont accept\u00e9es sous r\u00e9serve de disponibilit\u00e9 et pour une dur\u00e9e maximale de 7 jours (sauf cas particuliers). Aucune prorogation de s\u00e9jour ne peut \u00eatre impos\u00e9e.<\/p>\n\n\n\n<hr class=\"wp-block-separator has-alpha-channel-opacity\"\/>\n\n\n\n<h2 class=\"wp-block-heading\">Article 4 &#8211; Modalit\u00e9s de paiement<\/h2>\n\n\n\n<p>Lors d\u2019une r\u00e9servation via Amenitiz, la carte bancaire est uniquement v\u00e9rifi\u00e9e. Un lien de paiement s\u00e9curis\u00e9 (Up2Pay ou virement) est transmis par email ou SMS. En l\u2019absence de r\u00e8glement sous 24h, la r\u00e9servation peut \u00eatre annul\u00e9e.<\/p>\n\n\n\n<ul class=\"wp-block-list\">\n<li>R\u00e8glement int\u00e9gral exig\u00e9 pour les s\u00e9jours > 5 jours ou r\u00e9servations entreprises<\/li>\n\n\n\n<li>Acompte non remboursable pour > 2 nuits ou plusieurs chambres<\/li>\n\n\n\n<li>Paiement du solde le jour du d\u00e9part<\/li>\n<\/ul>\n\n\n\n<p>Les OTA (agences de voyage en ligne) ne n\u00e9cessitent pas d\u2019acompte. Les paiements sont trait\u00e9s par Amenitiz ou le Cr\u00e9dit Agricole. En cas de refus de paiement, la commande est annul\u00e9e.<\/p>\n\n\n\n<hr class=\"wp-block-separator has-alpha-channel-opacity\"\/>\n\n\n\n<h2 class=\"wp-block-heading\">Article 5 &#8211; Droit de r\u00e9tractation et annulation<\/h2>\n\n\n\n<p>Conform\u00e9ment au Code de la consommation, le droit de r\u00e9tractation ne s\u2019applique pas aux services d\u2019h\u00e9bergement.<\/p>\n\n\n\n<ul class=\"wp-block-list\">\n<li>Annulation \u00e0 moins de 8 jours : acompte non remboursable<\/li>\n\n\n\n<li>Annulation le jour m\u00eame : s\u00e9jour \u00e0 r\u00e9gler int\u00e9gralement<\/li>\n<\/ul>\n\n\n\n<h3 class=\"wp-block-heading\">Cas de force majeure (sur justificatif) :<\/h3>\n\n\n\n<ul class=\"wp-block-list\">\n<li>D\u00e9c\u00e8s familial proche<\/li>\n\n\n\n<li>Hospitalisation<\/li>\n\n\n\n<li>Sinistre grave au domicile<\/li>\n<\/ul>\n\n\n\n<p>Les conditions d\u2019annulation via OTA sont diff\u00e9rentes. Les professionnels peuvent annuler sans frais.<\/p>\n\n\n\n<hr class=\"wp-block-separator has-alpha-channel-opacity\"\/>\n\n\n\n<h2 class=\"wp-block-heading\">Article 6 &#8211; Arriv\u00e9e et d\u00e9part<\/h2>\n\n\n\n<ul class=\"wp-block-list\">\n<li>Arriv\u00e9e : semaine \u00e0 partir de 17h, week-end\/f\u00e9ri\u00e9 \u00e0 partir de 18h<\/li>\n\n\n\n<li>D\u00e9part : semaine jusqu&rsquo;\u00e0 9h, week-end\/f\u00e9ri\u00e9 jusqu&rsquo;\u00e0 11h<\/li>\n<\/ul>\n\n\n\n<h3 class=\"wp-block-heading\">Frais suppl\u00e9mentaires :<\/h3>\n\n\n\n<ul class=\"wp-block-list\">\n<li>D\u00e9part entre 11h et 13h : +15\u20ac<\/li>\n\n\n\n<li>D\u00e9part apr\u00e8s 13h : nuit\u00e9e suppl\u00e9mentaire<\/li>\n<\/ul>\n\n\n\n<p>Cl\u00e9s remises en main propre.<\/p>\n\n\n\n<hr class=\"wp-block-separator has-alpha-channel-opacity\"\/>\n\n\n\n<h2 class=\"wp-block-heading\">Article 7 &#8211; Utilisation des lieux<\/h2>\n\n\n\n<ul class=\"wp-block-list\">\n<li>Respect du calme et des lieux<\/li>\n\n\n\n<li>Interdiction de manger ou stocker de la nourriture dans les chambres<\/li>\n\n\n\n<li>Chambres non-fumeurs<\/li>\n\n\n\n<li>Co\u00fbt du remplacement serviettes : 10\u20ac<\/li>\n\n\n\n<li>Parking sur demande : 6\u20ac\/nuit\u00e9e<\/li>\n\n\n\n<li>Bien fermer les portes et portails<\/li>\n<\/ul>\n\n\n\n<hr class=\"wp-block-separator has-alpha-channel-opacity\"\/>\n\n\n\n<h2 class=\"wp-block-heading\">Article 8 &#8211; Capacit\u00e9<\/h2>\n\n\n\n<p>La r\u00e9servation est limit\u00e9e \u00e0 un nombre d\u2019occupants conforme \u00e0 la r\u00e9glementation. D\u00e9passement interdit sous peine de sanction.<\/p>\n\n\n\n<hr class=\"wp-block-separator has-alpha-channel-opacity\"\/>\n\n\n\n<h2 class=\"wp-block-heading\">Article 9 &#8211; Petit-d\u00e9jeuner<\/h2>\n\n\n\n<p>Servi uniquement dans la salle pr\u00e9vue \u00e0 cet effet :<\/p>\n\n\n\n<ul class=\"wp-block-list\">\n<li>En semaine : 6h45 &#8211; 9h<\/li>\n\n\n\n<li>Week-end : jusqu&rsquo;\u00e0 10h30<\/li>\n<\/ul>\n\n\n\n<p>Le petit-d\u00e9jeuner est inclus dans le tarif et ne peut \u00eatre d\u00e9duit.<\/p>\n\n\n\n<hr class=\"wp-block-separator has-alpha-channel-opacity\"\/>\n\n\n\n<h2 class=\"wp-block-heading\">Article 10 &#8211; S\u00e9curit\u00e9 et responsabilit\u00e9<\/h2>\n\n\n\n<ul class=\"wp-block-list\">\n<li>Les mineurs sont sous la responsabilit\u00e9 des adultes<\/li>\n\n\n\n<li>Comportement inappropri\u00e9 = expulsion sans remboursement<\/li>\n\n\n\n<li>Interdiction de produits stup\u00e9fiants<\/li>\n\n\n\n<li>Le Vendeur peut refuser, r\u00e9duire ou annuler une r\u00e9servation pour raison de s\u00e9curit\u00e9<\/li>\n<\/ul>\n\n\n\n<hr class=\"wp-block-separator has-alpha-channel-opacity\"\/>\n\n\n\n<h2 class=\"wp-block-heading\">Article 11 &#8211; Animaux<\/h2>\n\n\n\n<p>Les animaux ne sont pas admis. Aucun remboursement ne sera effectu\u00e9 en cas de d\u00e9part motiv\u00e9 par leur refus.<\/p>\n\n\n\n<hr class=\"wp-block-separator has-alpha-channel-opacity\"\/>\n\n\n\n<h2 class=\"wp-block-heading\">Article 12 &#8211; Vid\u00e9o surveillance<\/h2>\n\n\n\n<p>Des cam\u00e9ras sont install\u00e9es dans les parties communes. Enregistrements conserv\u00e9s 1 mois.<\/p>\n\n\n\n<hr class=\"wp-block-separator has-alpha-channel-opacity\"\/>\n\n\n\n<h2 class=\"wp-block-heading\">Article 13 &#8211; Force majeure<\/h2>\n\n\n\n<p>En cas de force majeure, l\u2019ex\u00e9cution du contrat est suspendue. Le Client sera rembours\u00e9 des nuit\u00e9es non effectu\u00e9es.<\/p>\n\n\n\n<hr class=\"wp-block-separator has-alpha-channel-opacity\"\/>\n\n\n\n<h2 class=\"wp-block-heading\">Article 14 &#8211; RGPD et protection des donn\u00e9es personnelles<\/h2>\n\n\n\n<p>Conform\u00e9ment au RGPD, le Client dispose des droits d\u2019acc\u00e8s, rectification, opposition et suppression. Les donn\u00e9es sont utilis\u00e9es exclusivement pour l\u2019ex\u00e9cution du contrat et ne sont jamais c\u00e9d\u00e9es \u00e0 des tiers \u00e0 des fins commerciales.<\/p>\n\n\n\n<hr class=\"wp-block-separator has-alpha-channel-opacity\"\/>\n\n\n\n<h2 class=\"wp-block-heading\">Article 15 &#8211; Droit applicable<\/h2>\n\n\n\n<p>Les pr\u00e9sentes CGV sont soumises au droit fran\u00e7ais.<\/p>\n\n\n\n<hr class=\"wp-block-separator has-alpha-channel-opacity\"\/>\n\n\n\n<p><strong>Mention \u00e0 recopier manuellement sur un document papier si besoin :<\/strong><br>\u00ab\u00a0J\u2019atteste avoir re\u00e7u les Conditions G\u00e9n\u00e9rales de Vente, de les avoir lues et accept\u00e9es.\u00a0\u00bb<\/p>\n\n\n\n<p>Nom, pr\u00e9nom, date et signature.<\/p>","protected":false},"excerpt":{"rendered":"<p>Conditions G\u00e9n\u00e9rales de Vente &#8211; La Maison du Po\u00ealon Pr\u00e9sentation des parties Vendeur La Maison du Po\u00ealon19 place Vincent Auriol, [&hellip;]<\/p>\n","protected":false},"author":1,"featured_media":0,"parent":0,"menu_order":0,"comment_status":"closed","ping_status":"closed","template":"","meta":{"content-type":"","site-sidebar-layout":"default","site-content-layout":"","ast-site-content-layout":"default","site-content-style":"default","site-sidebar-style":"default","ast-global-header-display":"","ast-banner-title-visibility":"","ast-main-header-display":"","ast-hfb-above-header-display":"","ast-hfb-below-header-display":"","ast-hfb-mobile-header-display":"","site-post-title":"disabled","ast-breadcrumbs-content":"","ast-featured-img":"","footer-sml-layout":"","ast-disable-related-posts":"","theme-transparent-header-meta":"","adv-header-id-meta":"","stick-header-meta":"","header-above-stick-meta":"","header-main-stick-meta":"","header-below-stick-meta":"","astra-migrate-meta-layouts":"default","ast-page-background-enabled":"default","ast-page-background-meta":{"desktop":{"background-color":"var(--ast-global-color-5)","background-image":"","background-repeat":"repeat","background-position":"center center","background-size":"auto","background-attachment":"scroll","background-type":"","background-media":"","overlay-type":"","overlay-color":"","overlay-opacity":"","overlay-gradient":""},"tablet":{"background-color":"","background-image":"","background-repeat":"repeat","background-position":"center center","background-size":"auto","background-attachment":"scroll","background-type":"","background-media":"","overlay-type":"","overlay-color":"","overlay-opacity":"","overlay-gradient":""},"mobile":{"background-color":"","background-image":"","background-repeat":"repeat","background-position":"center center","background-size":"auto","background-attachment":"scroll","background-type":"","background-media":"","overlay-type":"","overlay-color":"","overlay-opacity":"","overlay-gradient":""}},"ast-content-background-meta":{"desktop":{"background-color":"var(--ast-global-color-4)","background-image":"","background-repeat":"repeat","background-position":"center center","background-size":"auto","background-attachment":"scroll","background-type":"","background-media":"","overlay-type":"","overlay-color":"","overlay-opacity":"","overlay-gradient":""},"tablet":{"background-color":"var(--ast-global-color-4)","background-image":"","background-repeat":"repeat","background-position":"center center","background-size":"auto","background-attachment":"scroll","background-type":"","background-media":"","overlay-type":"","overlay-color":"","overlay-opacity":"","overlay-gradient":""},"mobile":{"background-color":"var(--ast-global-color-4)","background-image":"","background-repeat":"repeat","background-position":"center center","background-size":"auto","background-attachment":"scroll","background-type":"","background-media":"","overlay-type":"","overlay-color":"","overlay-opacity":"","overlay-gradient":""}},"footnotes":""},"class_list":["post-415","page","type-page","status-publish","hentry"],"yoast_head":"<!-- This site is optimized with the Yoast SEO plugin v27.3 - https:\/\/yoast.com\/product\/yoast-seo-wordpress\/ -->\n<title>Conditions G\u00e9n\u00e9rales de Vente - La Maison du Po\u00ealon<\/title>\n<meta name=\"robots\" content=\"index, follow, max-snippet:-1, max-image-preview:large, max-video-preview:-1\" \/>\n<link rel=\"canonical\" href=\"https:\/\/lamaisondupoelon.fr\/en\/conditions-generales-de-vente\/\" \/>\n<meta property=\"og:locale\" content=\"en_GB\" \/>\n<meta property=\"og:type\" content=\"article\" \/>\n<meta property=\"og:title\" content=\"Conditions G\u00e9n\u00e9rales de Vente - La Maison du Po\u00ealon\" \/>\n<meta property=\"og:description\" content=\"Conditions G\u00e9n\u00e9rales de Vente &#8211; La Maison du Po\u00ealon Pr\u00e9sentation des parties Vendeur La Maison du Po\u00ealon19 place Vincent Auriol, [&hellip;]\" \/>\n<meta property=\"og:url\" content=\"https:\/\/lamaisondupoelon.fr\/en\/conditions-generales-de-vente\/\" \/>\n<meta property=\"og:site_name\" content=\"La Maison du Po\u00ealon\" \/>\n<meta property=\"article:modified_time\" content=\"2025-08-01T14:25:21+00:00\" \/>\n<meta name=\"twitter:card\" content=\"summary_large_image\" \/>\n<meta name=\"twitter:label1\" content=\"Estimated reading time\" \/>\n\t<meta name=\"twitter:data1\" content=\"4 minutes\" \/>\n<script type=\"application\/ld+json\" class=\"yoast-schema-graph\">{\"@context\":\"https:\\\/\\\/schema.org\",\"@graph\":[{\"@type\":\"WebPage\",\"@id\":\"https:\\\/\\\/lamaisondupoelon.fr\\\/conditions-generales-de-vente\\\/\",\"url\":\"https:\\\/\\\/lamaisondupoelon.fr\\\/conditions-generales-de-vente\\\/\",\"name\":\"Conditions G\u00e9n\u00e9rales de Vente - La Maison du Po\u00ealon\",\"isPartOf\":{\"@id\":\"https:\\\/\\\/lamaisondupoelon.fr\\\/#website\"},\"datePublished\":\"2025-08-01T14:25:20+00:00\",\"dateModified\":\"2025-08-01T14:25:21+00:00\",\"breadcrumb\":{\"@id\":\"https:\\\/\\\/lamaisondupoelon.fr\\\/conditions-generales-de-vente\\\/#breadcrumb\"},\"inLanguage\":\"en-GB\",\"potentialAction\":[{\"@type\":\"ReadAction\",\"target\":[\"https:\\\/\\\/lamaisondupoelon.fr\\\/conditions-generales-de-vente\\\/\"]}]},{\"@type\":\"BreadcrumbList\",\"@id\":\"https:\\\/\\\/lamaisondupoelon.fr\\\/conditions-generales-de-vente\\\/#breadcrumb\",\"itemListElement\":[{\"@type\":\"ListItem\",\"position\":1,\"name\":\"Accueil\",\"item\":\"https:\\\/\\\/lamaisondupoelon.fr\\\/\"},{\"@type\":\"ListItem\",\"position\":2,\"name\":\"Conditions G\u00e9n\u00e9rales de Vente\"}]},{\"@type\":\"WebSite\",\"@id\":\"https:\\\/\\\/lamaisondupoelon.fr\\\/#website\",\"url\":\"https:\\\/\\\/lamaisondupoelon.fr\\\/\",\"name\":\"La Maison du Po\u00ealon\",\"description\":\"CHAMBRE D\u2019H\u00d4TES\",\"publisher\":{\"@id\":\"https:\\\/\\\/lamaisondupoelon.fr\\\/#organization\"},\"potentialAction\":[{\"@type\":\"SearchAction\",\"target\":{\"@type\":\"EntryPoint\",\"urlTemplate\":\"https:\\\/\\\/lamaisondupoelon.fr\\\/?s={search_term_string}\"},\"query-input\":{\"@type\":\"PropertyValueSpecification\",\"valueRequired\":true,\"valueName\":\"search_term_string\"}}],\"inLanguage\":\"en-GB\"},{\"@type\":\"Organization\",\"@id\":\"https:\\\/\\\/lamaisondupoelon.fr\\\/#organization\",\"name\":\"La Maison du Po\u00ealon\",\"url\":\"https:\\\/\\\/lamaisondupoelon.fr\\\/\",\"logo\":{\"@type\":\"ImageObject\",\"inLanguage\":\"en-GB\",\"@id\":\"https:\\\/\\\/lamaisondupoelon.fr\\\/#\\\/schema\\\/logo\\\/image\\\/\",\"url\":\"https:\\\/\\\/lamaisondupoelon.fr\\\/wp-content\\\/uploads\\\/2025\\\/08\\\/cropped-ChatGPT-Image-1-aout-2025-18_38_42.png\",\"contentUrl\":\"https:\\\/\\\/lamaisondupoelon.fr\\\/wp-content\\\/uploads\\\/2025\\\/08\\\/cropped-ChatGPT-Image-1-aout-2025-18_38_42.png\",\"width\":1023,\"height\":1023,\"caption\":\"La Maison du Po\u00ealon\"},\"image\":{\"@id\":\"https:\\\/\\\/lamaisondupoelon.fr\\\/#\\\/schema\\\/logo\\\/image\\\/\"}}]}<\/script>\n<!-- \/ Yoast SEO plugin. -->","yoast_head_json":{"title":"Conditions G\u00e9n\u00e9rales de Vente - La Maison du Po\u00ealon","robots":{"index":"index","follow":"follow","max-snippet":"max-snippet:-1","max-image-preview":"max-image-preview:large","max-video-preview":"max-video-preview:-1"},"canonical":"https:\/\/lamaisondupoelon.fr\/en\/conditions-generales-de-vente\/","og_locale":"en_GB","og_type":"article","og_title":"Conditions G\u00e9n\u00e9rales de Vente - La Maison du Po\u00ealon","og_description":"Conditions G\u00e9n\u00e9rales de Vente &#8211; La Maison du Po\u00ealon Pr\u00e9sentation des parties Vendeur La Maison du Po\u00ealon19 place Vincent Auriol, [&hellip;]","og_url":"https:\/\/lamaisondupoelon.fr\/en\/conditions-generales-de-vente\/","og_site_name":"La Maison du Po\u00ealon","article_modified_time":"2025-08-01T14:25:21+00:00","twitter_card":"summary_large_image","twitter_misc":{"Estimated reading time":"4 minutes"},"schema":{"@context":"https:\/\/schema.org","@graph":[{"@type":"WebPage","@id":"https:\/\/lamaisondupoelon.fr\/conditions-generales-de-vente\/","url":"https:\/\/lamaisondupoelon.fr\/conditions-generales-de-vente\/","name":"Conditions G\u00e9n\u00e9rales de Vente - La Maison du Po\u00ealon","isPartOf":{"@id":"https:\/\/lamaisondupoelon.fr\/#website"},"datePublished":"2025-08-01T14:25:20+00:00","dateModified":"2025-08-01T14:25:21+00:00","breadcrumb":{"@id":"https:\/\/lamaisondupoelon.fr\/conditions-generales-de-vente\/#breadcrumb"},"inLanguage":"en-GB","potentialAction":[{"@type":"ReadAction","target":["https:\/\/lamaisondupoelon.fr\/conditions-generales-de-vente\/"]}]},{"@type":"BreadcrumbList","@id":"https:\/\/lamaisondupoelon.fr\/conditions-generales-de-vente\/#breadcrumb","itemListElement":[{"@type":"ListItem","position":1,"name":"Accueil","item":"https:\/\/lamaisondupoelon.fr\/"},{"@type":"ListItem","position":2,"name":"Conditions G\u00e9n\u00e9rales de Vente"}]},{"@type":"WebSite","@id":"https:\/\/lamaisondupoelon.fr\/#website","url":"https:\/\/lamaisondupoelon.fr\/","name":"La Maison du Po\u00ealon","description":"CHAMBRE D\u2019H\u00d4TES","publisher":{"@id":"https:\/\/lamaisondupoelon.fr\/#organization"},"potentialAction":[{"@type":"SearchAction","target":{"@type":"EntryPoint","urlTemplate":"https:\/\/lamaisondupoelon.fr\/?s={search_term_string}"},"query-input":{"@type":"PropertyValueSpecification","valueRequired":true,"valueName":"search_term_string"}}],"inLanguage":"en-GB"},{"@type":"Organization","@id":"https:\/\/lamaisondupoelon.fr\/#organization","name":"La Maison du Po\u00ealon","url":"https:\/\/lamaisondupoelon.fr\/","logo":{"@type":"ImageObject","inLanguage":"en-GB","@id":"https:\/\/lamaisondupoelon.fr\/#\/schema\/logo\/image\/","url":"https:\/\/lamaisondupoelon.fr\/wp-content\/uploads\/2025\/08\/cropped-ChatGPT-Image-1-aout-2025-18_38_42.png","contentUrl":"https:\/\/lamaisondupoelon.fr\/wp-content\/uploads\/2025\/08\/cropped-ChatGPT-Image-1-aout-2025-18_38_42.png","width":1023,"height":1023,"caption":"La Maison du Po\u00ealon"},"image":{"@id":"https:\/\/lamaisondupoelon.fr\/#\/schema\/logo\/image\/"}}]}},"_links":{"self":[{"href":"https:\/\/lamaisondupoelon.fr\/en\/wp-json\/wp\/v2\/pages\/415","targetHints":{"allow":["GET"]}}],"collection":[{"href":"https:\/\/lamaisondupoelon.fr\/en\/wp-json\/wp\/v2\/pages"}],"about":[{"href":"https:\/\/lamaisondupoelon.fr\/en\/wp-json\/wp\/v2\/types\/page"}],"author":[{"embeddable":true,"href":"https:\/\/lamaisondupoelon.fr\/en\/wp-json\/wp\/v2\/users\/1"}],"replies":[{"embeddable":true,"href":"https:\/\/lamaisondupoelon.fr\/en\/wp-json\/wp\/v2\/comments?post=415"}],"version-history":[{"count":1,"href":"https:\/\/lamaisondupoelon.fr\/en\/wp-json\/wp\/v2\/pages\/415\/revisions"}],"predecessor-version":[{"id":416,"href":"https:\/\/lamaisondupoelon.fr\/en\/wp-json\/wp\/v2\/pages\/415\/revisions\/416"}],"wp:attachment":[{"href":"https:\/\/lamaisondupoelon.fr\/en\/wp-json\/wp\/v2\/media?parent=415"}],"curies":[{"name":"wp","href":"https:\/\/api.w.org\/{rel}","templated":true}]}}